{"id":424,"date":"2019-09-23T11:11:07","date_gmt":"2019-09-23T09:11:07","guid":{"rendered":"https:\/\/offenthalerhof.de\/?page_id=424"},"modified":"2024-04-22T14:02:10","modified_gmt":"2024-04-22T12:02:10","slug":"home","status":"publish","type":"page","link":"https:\/\/offenthalerhof.de\/fr\/","title":{"rendered":"Home"},"content":{"rendered":"<section class=\"l-section wpb_row intro height_huge with_img\"><div class=\"l-section-img\" role=\"img\" data-img-width=\"1920\" data-img-height=\"1280\" style=\"background-image: url(https:\/\/offenthalerhof.de\/wp-content\/uploads\/IMG_5455-1920-50.jpg);\"><\/div><div class=\"l-section-overlay\" style=\"background:rgba(247,244,237,0.55)\"><\/div><div class=\"l-section-h i-cf\"><div class=\"g-cols vc_row via_flex valign_top type_default stacking_default\"><div class=\"vc_col-sm-6 wpb_column vc_column_container\"><div class=\"vc_column-inner\"><div class=\"wpb_wrapper\"><div class=\"w-separator size_huge\"><\/div><div class=\"w-separator size_huge\"><\/div><div class=\"w-separator size_huge\"><\/div><\/div><\/div><\/div><div class=\"vc_col-sm-6 wpb_column vc_column_container\"><div class=\"vc_column-inner\"><div class=\"wpb_wrapper\"><\/div><\/div><\/div><\/div><\/div><\/section><section class=\"l-section wpb_row height_medium\" id=\"hotel\"><div class=\"l-section-h i-cf\"><div class=\"g-cols vc_row via_flex valign_middle type_default stacking_default\"><div class=\"vc_col-sm-12 wpb_column vc_column_container\"><div class=\"vc_column-inner\"><div class=\"wpb_wrapper\"><div class=\"g-cols wpb_row via_flex valign_top type_default stacking_default\"><div class=\"vc_col-sm-12 vc_col-md-8 wpb_column vc_column_container\"><div class=\"vc_column-inner\"><div class=\"wpb_wrapper\"><div class=\"wpb_text_column\"><div class=\"wpb_wrapper\"><h1 style=\"text-align: left;\">H\u00f4tel pour des d\u00e9placements pour affaires ou loisirs<\/h1>\n<h3>\u00e0 deux pas de Francfort<\/h3>\n<p>Soyez les bienvenus \u00e0 Offenthaler Hof! Nous sommes un h\u00f4tel international et familial aux portes de Frankfort. Situ\u00e9 au milieu de la r\u00e9gion Rhein-Main. Joignable tout transports \u00e0 Frankfort foire, centre, a\u00e9roport, Darmstadt et Offenbach. Parfait pour personnes de business et gens d\u00b4affaires et les personnes qui voyagent pour des raisons professionnelles.<\/p>\n<\/div><\/div><\/div><\/div><\/div><div class=\"vc_col-sm-4 wpb_column vc_column_container\"><div class=\"vc_column-inner\"><div class=\"wpb_wrapper\"><\/div><\/div><\/div><\/div><div class=\"w-separator size_small with_line width_default thick_1 style_solid color_border align_center\"><div class=\"w-separator-h\"><\/div><\/div><div class=\"g-cols wpb_row via_flex valign_top type_default stacking_default\"><div class=\"vc_col-sm-6 vc_col-md-3 wpb_column vc_column_container\"><div class=\"vc_column-inner\"><div class=\"wpb_wrapper\"><div class=\"w-iconbox iconpos_left style_default color_primary align_left\"><div class=\"w-iconbox-icon\" style=\"font-size:25px;\"><i class=\"far fa-car\"><\/i><\/div><div class=\"w-iconbox-meta\"><h3 class=\"w-iconbox-title\" style=\"font-size:1.5rem;\">En voiture<\/h3><div class=\"w-iconbox-text\"><p>A3, A5 und A661 en 20 min \u00e0 Francfort.<\/p>\n<\/div><\/div><\/div><\/div><\/div><\/div><div class=\"vc_col-sm-6 vc_col-md-3 wpb_column vc_column_container\"><div class=\"vc_column-inner\"><div class=\"wpb_wrapper\"><div class=\"w-iconbox iconpos_left style_default color_primary align_left\"><div class=\"w-iconbox-icon\" style=\"font-size:25px;\"><i class=\"far fa-train\"><\/i><\/div><div class=\"w-iconbox-meta\"><h3 class=\"w-iconbox-title\" style=\"font-size:1.5rem;\">Train<\/h3><div class=\"w-iconbox-text\"><p>Avec S-Bahn en app. 45 min. \u00e0 Frankfurt, Offenbach et Darmstadt.<\/p>\n<\/div><\/div><\/div><\/div><\/div><\/div><div class=\"vc_col-sm-6 vc_col-md-3 wpb_column vc_column_container\"><div class=\"vc_column-inner\"><div class=\"wpb_wrapper\"><div class=\"w-iconbox iconpos_left style_default color_primary align_left\"><div class=\"w-iconbox-icon\" style=\"font-size:25px;\"><i class=\"far fa-random\"><\/i><\/div><div class=\"w-iconbox-meta\"><h3 class=\"w-iconbox-title\" style=\"font-size:1.5rem;\">Transport urbain<\/h3><div class=\"w-iconbox-text\"><p>Arr\u00eat de bus et train \u00e0 proximit\u00e9 de notre h\u00f4tel.<\/p>\n<\/div><\/div><\/div><\/div><\/div><\/div><div class=\"vc_col-sm-6 vc_col-md-3 wpb_column vc_column_container\"><div class=\"vc_column-inner\"><div class=\"wpb_wrapper\"><div class=\"w-iconbox iconpos_left style_default color_primary align_left\"><div class=\"w-iconbox-icon\" style=\"font-size:25px;\"><i class=\"far fa-plane-departure\"><\/i><\/div><div class=\"w-iconbox-meta\"><h3 class=\"w-iconbox-title\" style=\"font-size:1.5rem;\">A\u00e9roport<\/h3><div class=\"w-iconbox-text\"><p>Station de bus \u00e0 c\u00f4t\u00e9.<\/p>\n<\/div><\/div><\/div><\/div><\/div><\/div><\/div><div class=\"w-separator size_small with_line width_default thick_1 style_solid color_border align_center\"><div class=\"w-separator-h\"><\/div><\/div><\/div><\/div><\/div><\/div><\/div><\/section><section class=\"l-section wpb_row height_huge with_img parallax_fixed\"><div class=\"l-section-img\" role=\"img\" data-img-width=\"1000\" data-img-height=\"667\" style=\"background-image: url(https:\/\/offenthalerhof.de\/wp-content\/uploads\/IMG_5057.jpg);\"><\/div><div class=\"l-section-overlay\" style=\"background:rgba(247,244,237,0.61)\"><\/div><div class=\"l-section-h i-cf\"><div class=\"g-cols vc_row via_flex valign_top type_default stacking_default\"><div class=\"vc_col-sm-6 wpb_column vc_column_container\"><div class=\"vc_column-inner\"><div class=\"wpb_wrapper\"><\/div><\/div><\/div><div class=\"vc_col-sm-6 wpb_column vc_column_container\"><div class=\"vc_column-inner\"><div class=\"wpb_wrapper\"><div class=\"g-cols wpb_row via_flex valign_top type_default stacking_default\"><div class=\"vc_col-sm-12 wpb_column vc_column_container\"><div class=\"vc_column-inner\"><div class=\"wpb_wrapper\"><div class=\"wpb_text_column\"><div class=\"wpb_wrapper\"><div class=\"one_third firstcols\">\n<h2>Chambres<\/h2>\n<p>Notre chambres sont comfortable equip\u00e9es avec Sdb\/ Douche, WC, TV et frigo.Vous allez vous sentir comme chez vous. Il y a du WIFI dans les chambres gratuit.<\/p>\n<\/div>\n<\/div><\/div><div class=\"w-separator size_small\"><\/div><div class=\"w-btn-wrapper align_none\"><a class=\"w-btn us-btn-style_1\" title=\"Zimmer\" href=\"\/fr\/zimmer\/\"><span class=\"w-btn-label\">D\u00e9tails<\/span><\/a><\/div><\/div><\/div><\/div><\/div><\/div><\/div><\/div><\/div><\/div><\/section><section class=\"l-section wpb_row height_small\"><div class=\"l-section-h i-cf\"><div class=\"g-cols vc_row via_flex valign_middle type_default stacking_default\"><div class=\"vc_col-sm-12 wpb_column vc_column_container\"><div class=\"vc_column-inner\"><div class=\"wpb_wrapper\"><div class=\"wpb_text_column\"><div class=\"wpb_wrapper\"><div class=\"w-actionbox-text\">\n<h2 style=\"text-align: left;\">Impressions de l\u00b4 h\u00f4tel<\/h2>\n<\/div>\n<\/div><\/div><\/div><\/div><\/div><\/div><\/div><\/section><section class=\"l-section wpb_row height_auto width_full color_alternate\"><div class=\"l-section-h i-cf\"><div class=\"g-cols vc_row via_flex valign_top type_default stacking_default\"><div class=\"vc_col-sm-12 wpb_column vc_column_container\"><div class=\"vc_column-inner\"><div class=\"wpb_wrapper\"><div class=\"w-grid type_masonry layout_208 cols_4 with_isotope\" id=\"us_grid_1\" data-filterable=\"true\"><style>@media (max-width:1024px){#us_grid_1 .w-grid-item{width:50%}}@media (max-width:600px){#us_grid_1 .w-grid-item{width:50%}}.layout_208 .w-grid-item-h{}.layout_208 .usg_post_image_1{transition-duration:0.3s;transform:scale(1) translate(0%,0%)}.layout_208 .w-grid-item-h:hover .usg_post_image_1{transform:scale(1) translate(0%,0%);opacity:1}<\/style><div class=\"w-grid-list\">\t<article class=\"w-grid-item size_1x1 post-49 attachment type-attachment status-inherit hentry\" data-id=\"49\">\r\n\t\t<div class=\"w-grid-item-h\">\r\n\t\t\t\t\t\t\t<a ref=\"magnificPopupGrid\" href=\"https:\/\/offenthalerhof.de\/wp-content\/uploads\/IMG_5451.jpg\" class=\"w-grid-item-anchor\" aria-label=\"IMG_5451\" title=\"IMG_5451\"><\/a>\r\n\t\t\t\t\t\t<div class=\"w-post-elm post_image usg_post_image_1 stretched\"><img loading=\"lazy\" decoding=\"async\" width=\"1024\" height=\"683\" src=\"https:\/\/offenthalerhof.de\/wp-content\/uploads\/IMG_5451-1024x683.jpg\" class=\"attachment-large size-large\" alt=\"\" srcset=\"https:\/\/offenthalerhof.de\/wp-content\/uploads\/IMG_5451-1024x683.jpg 1024w, https:\/\/offenthalerhof.de\/wp-content\/uploads\/IMG_5451-300x200.jpg 300w, https:\/\/offenthalerhof.de\/wp-content\/uploads\/IMG_5451.jpg 1200w\" sizes=\"(max-width: 1024px) 100vw, 1024px\" \/><\/div>\t\t<\/div>\r\n\t\t\t<\/article>\r\n\t<article class=\"w-grid-item size_1x1 post-51 attachment type-attachment status-inherit hentry\" data-id=\"51\">\r\n\t\t<div class=\"w-grid-item-h\">\r\n\t\t\t\t\t\t\t<a ref=\"magnificPopupGrid\" href=\"https:\/\/offenthalerhof.de\/wp-content\/uploads\/IMG_5459.jpg\" class=\"w-grid-item-anchor\" aria-label=\"IMG_5459\" title=\"IMG_5459\"><\/a>\r\n\t\t\t\t\t\t<div class=\"w-post-elm post_image usg_post_image_1 stretched\"><img loading=\"lazy\" decoding=\"async\" width=\"1000\" height=\"667\" src=\"https:\/\/offenthalerhof.de\/wp-content\/uploads\/IMG_5459.jpg\" class=\"attachment-large size-large\" alt=\"\" srcset=\"https:\/\/offenthalerhof.de\/wp-content\/uploads\/IMG_5459.jpg 1000w, https:\/\/offenthalerhof.de\/wp-content\/uploads\/IMG_5459-300x200.jpg 300w\" sizes=\"(max-width: 1000px) 100vw, 1000px\" \/><\/div>\t\t<\/div>\r\n\t\t\t<\/article>\r\n\t<article class=\"w-grid-item size_1x1 post-50 attachment type-attachment status-inherit hentry\" data-id=\"50\">\r\n\t\t<div class=\"w-grid-item-h\">\r\n\t\t\t\t\t\t\t<a ref=\"magnificPopupGrid\" href=\"https:\/\/offenthalerhof.de\/wp-content\/uploads\/IMG_5455.jpg\" class=\"w-grid-item-anchor\" aria-label=\"IMG_5455\" title=\"IMG_5455\"><\/a>\r\n\t\t\t\t\t\t<div class=\"w-post-elm post_image usg_post_image_1 stretched\"><img loading=\"lazy\" decoding=\"async\" width=\"1000\" height=\"667\" src=\"https:\/\/offenthalerhof.de\/wp-content\/uploads\/IMG_5455.jpg\" class=\"attachment-large size-large\" alt=\"\" srcset=\"https:\/\/offenthalerhof.de\/wp-content\/uploads\/IMG_5455.jpg 1000w, https:\/\/offenthalerhof.de\/wp-content\/uploads\/IMG_5455-300x200.jpg 300w\" sizes=\"(max-width: 1000px) 100vw, 1000px\" \/><\/div>\t\t<\/div>\r\n\t\t\t<\/article>\r\n\t<article class=\"w-grid-item size_1x1 post-47 attachment type-attachment status-inherit hentry\" data-id=\"47\">\r\n\t\t<div class=\"w-grid-item-h\">\r\n\t\t\t\t\t\t\t<a ref=\"magnificPopupGrid\" href=\"https:\/\/offenthalerhof.de\/wp-content\/uploads\/IMG_5111.jpg\" class=\"w-grid-item-anchor\" aria-label=\"IMG_5111\" title=\"IMG_5111\"><\/a>\r\n\t\t\t\t\t\t<div class=\"w-post-elm post_image usg_post_image_1 stretched\"><img loading=\"lazy\" decoding=\"async\" width=\"1000\" height=\"667\" src=\"https:\/\/offenthalerhof.de\/wp-content\/uploads\/IMG_5111.jpg\" class=\"attachment-large size-large\" alt=\"\" srcset=\"https:\/\/offenthalerhof.de\/wp-content\/uploads\/IMG_5111.jpg 1000w, https:\/\/offenthalerhof.de\/wp-content\/uploads\/IMG_5111-300x200.jpg 300w\" sizes=\"(max-width: 1000px) 100vw, 1000px\" \/><\/div>\t\t<\/div>\r\n\t\t\t<\/article>\r\n\t<article class=\"w-grid-item size_1x1 post-44 attachment type-attachment status-inherit hentry\" data-id=\"44\">\r\n\t\t<div class=\"w-grid-item-h\">\r\n\t\t\t\t\t\t\t<a ref=\"magnificPopupGrid\" href=\"https:\/\/offenthalerhof.de\/wp-content\/uploads\/IMG_5100.jpg\" class=\"w-grid-item-anchor\" aria-label=\"IMG_5100\" title=\"IMG_5100\"><\/a>\r\n\t\t\t\t\t\t<div class=\"w-post-elm post_image usg_post_image_1 stretched\"><img loading=\"lazy\" decoding=\"async\" width=\"1000\" height=\"667\" src=\"https:\/\/offenthalerhof.de\/wp-content\/uploads\/IMG_5100.jpg\" class=\"attachment-large size-large\" alt=\"\" srcset=\"https:\/\/offenthalerhof.de\/wp-content\/uploads\/IMG_5100.jpg 1000w, https:\/\/offenthalerhof.de\/wp-content\/uploads\/IMG_5100-300x200.jpg 300w\" sizes=\"(max-width: 1000px) 100vw, 1000px\" \/><\/div>\t\t<\/div>\r\n\t\t\t<\/article>\r\n\t<article class=\"w-grid-item size_1x1 post-40 attachment type-attachment status-inherit hentry\" data-id=\"40\">\r\n\t\t<div class=\"w-grid-item-h\">\r\n\t\t\t\t\t\t\t<a ref=\"magnificPopupGrid\" href=\"https:\/\/offenthalerhof.de\/wp-content\/uploads\/IMG_5057.jpg\" class=\"w-grid-item-anchor\" aria-label=\"IMG_5057\" title=\"IMG_5057\"><\/a>\r\n\t\t\t\t\t\t<div class=\"w-post-elm post_image usg_post_image_1 stretched\"><img loading=\"lazy\" decoding=\"async\" width=\"1000\" height=\"667\" src=\"https:\/\/offenthalerhof.de\/wp-content\/uploads\/IMG_5057.jpg\" class=\"attachment-large size-large\" alt=\"\" srcset=\"https:\/\/offenthalerhof.de\/wp-content\/uploads\/IMG_5057.jpg 1000w, https:\/\/offenthalerhof.de\/wp-content\/uploads\/IMG_5057-300x200.jpg 300w\" sizes=\"(max-width: 1000px) 100vw, 1000px\" \/><\/div>\t\t<\/div>\r\n\t\t\t<\/article>\r\n\t<article class=\"w-grid-item size_1x1 post-39 attachment type-attachment status-inherit hentry\" data-id=\"39\">\r\n\t\t<div class=\"w-grid-item-h\">\r\n\t\t\t\t\t\t\t<a ref=\"magnificPopupGrid\" href=\"https:\/\/offenthalerhof.de\/wp-content\/uploads\/IMG_5054.jpg\" class=\"w-grid-item-anchor\" aria-label=\"IMG_5054\" title=\"IMG_5054\"><\/a>\r\n\t\t\t\t\t\t<div class=\"w-post-elm post_image usg_post_image_1 stretched\"><img loading=\"lazy\" decoding=\"async\" width=\"1000\" height=\"667\" src=\"https:\/\/offenthalerhof.de\/wp-content\/uploads\/IMG_5054.jpg\" class=\"attachment-large size-large\" alt=\"\" srcset=\"https:\/\/offenthalerhof.de\/wp-content\/uploads\/IMG_5054.jpg 1000w, https:\/\/offenthalerhof.de\/wp-content\/uploads\/IMG_5054-300x200.jpg 300w\" sizes=\"(max-width: 1000px) 100vw, 1000px\" \/><\/div>\t\t<\/div>\r\n\t\t\t<\/article>\r\n\t<article class=\"w-grid-item size_1x1 post-38 attachment type-attachment status-inherit hentry\" data-id=\"38\">\r\n\t\t<div class=\"w-grid-item-h\">\r\n\t\t\t\t\t\t\t<a ref=\"magnificPopupGrid\" href=\"https:\/\/offenthalerhof.de\/wp-content\/uploads\/IMG_5050.jpg\" class=\"w-grid-item-anchor\" aria-label=\"IMG_5050\" title=\"IMG_5050\"><\/a>\r\n\t\t\t\t\t\t<div class=\"w-post-elm post_image usg_post_image_1 stretched\"><img loading=\"lazy\" decoding=\"async\" width=\"1000\" height=\"667\" src=\"https:\/\/offenthalerhof.de\/wp-content\/uploads\/IMG_5050.jpg\" class=\"attachment-large size-large\" alt=\"\" srcset=\"https:\/\/offenthalerhof.de\/wp-content\/uploads\/IMG_5050.jpg 1000w, https:\/\/offenthalerhof.de\/wp-content\/uploads\/IMG_5050-300x200.jpg 300w\" sizes=\"(max-width: 1000px) 100vw, 1000px\" \/><\/div>\t\t<\/div>\r\n\t\t\t<\/article>\r\n<\/div><div class=\"w-grid-preloader\">\t<div class=\"g-preloader type_1\">\r\n\t\t<div><\/div>\r\n\t<\/div>\r\n\t<\/div>\t<div class=\"w-grid-json hidden\" onclick='return {&quot;action&quot;:&quot;us_ajax_grid&quot;,&quot;infinite_scroll&quot;:0,&quot;max_num_pages&quot;:1,&quot;pagination&quot;:&quot;none&quot;,&quot;template_vars&quot;:{&quot;columns&quot;:&quot;4&quot;,&quot;exclude_items&quot;:&quot;none&quot;,&quot;img_size&quot;:&quot;default&quot;,&quot;ignore_items_size&quot;:0,&quot;items_layout&quot;:&quot;208&quot;,&quot;items_offset&quot;:&quot;1&quot;,&quot;load_animation&quot;:&quot;none&quot;,&quot;overriding_link&quot;:&quot;%7B%22type%22%3A%22popup_image%22%7D&quot;,&quot;post_id&quot;:0,&quot;query_args&quot;:{&quot;post_type&quot;:[&quot;attachment&quot;],&quot;post__in&quot;:[&quot;51&quot;,&quot;49&quot;,&quot;47&quot;,&quot;44&quot;,&quot;38&quot;,&quot;40&quot;,&quot;50&quot;,&quot;39&quot;],&quot;post_status&quot;:&quot;inherit&quot;,&quot;post_mime_type&quot;:&quot;image&quot;,&quot;posts_per_page&quot;:&quot;10&quot;},&quot;orderby_query_args&quot;:{&quot;orderby&quot;:{&quot;date&quot;:&quot;DESC&quot;}},&quot;type&quot;:&quot;masonry&quot;,&quot;us_grid_post_type&quot;:&quot;attachment&quot;,&quot;us_grid_ajax_index&quot;:1,&quot;us_grid_filter_params&quot;:[],&quot;us_grid_index&quot;:1,&quot;page_args&quot;:[],&quot;lang&quot;:&quot;fr&quot;}}'><\/div>\r\n\t<\/div><\/div><\/div><\/div><\/div><\/div><\/section><section class=\"l-section wpb_row height_huge\"><div class=\"l-section-overlay\" style=\"background:rgba(76,52,38,0.15)\"><\/div><div class=\"l-section-h i-cf\"><div class=\"g-cols vc_row via_flex valign_top type_default stacking_default\"><div class=\"vc_col-sm-12 wpb_column vc_column_container\"><div class=\"vc_column-inner\"><div class=\"wpb_wrapper\"><div class=\"g-cols wpb_row via_flex valign_top type_default stacking_default\"><div class=\"vc_col-sm-12 vc_col-md-8 wpb_column vc_column_container\"><div class=\"vc_column-inner\"><div class=\"wpb_wrapper\"><div class=\"wpb_text_column\"><div class=\"wpb_wrapper\"><h2>Concernant Nous<\/h2>\n<\/div><\/div><div class=\"w-separator size_small\"><\/div><div class=\"wpb_text_column\"><div class=\"wpb_wrapper\"><div class=\"one_third firstcols\">\n<blockquote>\n<p>Prendre la vie facile, savourer profond, c\u2019est la somme de tout.<br \/>\n<em>Wilhelm v. Humboldt<\/em><\/p>\n<\/blockquote>\n<p>Merci d\u00b4avoir choisi notre homepage. Nous sommes un h\u00f4tel familial et international avec tradition. \u00c7a nous est un tr\u00e8s grand plaisir de vous accueillir chez nous. Arrivez chez nous \u00e0 passer une agr\u00e9able soir\u00e9e aux restaurants du village, relaxez dans une chambre comfortable et commencez votre journ\u00e9e avec un petit-d\u00e9jeuner \u00e9nergetique.<br \/>\nPour toutes vos r\u00e9unions et f\u00eates, y compris la restauration, veuillez nous contacter.<\/p>\n<p><strong>Votre \u00e9quipe Offenthaler Hof<\/strong><\/p>\n<\/div>\n<\/div><\/div><\/div><\/div><\/div><div class=\"vc_col-sm-4 wpb_column vc_column_container\"><div class=\"vc_column-inner\"><div class=\"wpb_wrapper\"><\/div><\/div><\/div><\/div><\/div><\/div><\/div><\/div><\/div><\/section><section class=\"l-section wpb_row height_medium\" id=\"reservieren\"><div class=\"l-section-h i-cf\"><div class=\"g-cols vc_row via_flex valign_top type_default stacking_default\" style=\"--additional-gap:30px;\"><div class=\"vc_col-sm-6 wpb_column vc_column_container\"><div class=\"vc_column-inner\"><div class=\"wpb_wrapper\"><div class=\"wpb_text_column us_custom_1497cdd9\"><div class=\"wpb_wrapper\"><h2>Votre r\u00e9servation<\/h2>\n<\/div><\/div><div class=\"wpb_text_column\"><div class=\"wpb_wrapper\"><p>Nous nous r\u00e9jouissons de votre demande et de votre r\u00e9servation. Veuillez compl\u00e9ter le formulaire avec votre demande personnelle et nous vous contacterons imm\u00e9diatement.<\/p>\n<\/div><\/div><\/div><\/div><\/div><div class=\"vc_col-sm-6 wpb_column vc_column_container\"><div class=\"vc_column-inner\"><div class=\"wpb_wrapper\">\n<div class=\"wpcf7 no-js\" id=\"wpcf7-f512-o1\" lang=\"fr-FR\" dir=\"ltr\">\n<div class=\"screen-reader-response\"><p role=\"status\" aria-live=\"polite\" aria-atomic=\"true\"><\/p> <ul><\/ul><\/div>\n<form action=\"\/fr\/wp-json\/wp\/v2\/pages\/424#wpcf7-f512-o1\" method=\"post\" class=\"wpcf7-form init\" aria-label=\"Formulaire de contact\" novalidate=\"novalidate\" data-status=\"init\">\n<div style=\"display: none;\">\n<input type=\"hidden\" name=\"_wpcf7\" value=\"512\" \/>\n<input type=\"hidden\" name=\"_wpcf7_version\" value=\"5.9.3\" \/>\n<input type=\"hidden\" name=\"_wpcf7_locale\" value=\"fr_FR\" \/>\n<input type=\"hidden\" name=\"_wpcf7_unit_tag\" value=\"wpcf7-f512-o1\" \/>\n<input type=\"hidden\" name=\"_wpcf7_container_post\" value=\"0\" \/>\n<input type=\"hidden\" name=\"_wpcf7_posted_data_hash\" value=\"\" \/>\n<\/div>\n<p><label> Titre<br \/>\n<span class=\"wpcf7-form-control-wrap\" data-name=\"menu-914\"><select class=\"wpcf7-form-control wpcf7-select\" aria-invalid=\"false\" name=\"menu-914\"><option value=\"Monsieur\">Monsieur<\/option><option value=\"Madame\">Madame<\/option><\/select><\/span> <\/label>\n<\/p>\n<p><label> Nom*<br \/>\n<span class=\"wpcf7-form-control-wrap\" data-name=\"your-name\"><input size=\"40\" class=\"wpcf7-form-control wpcf7-text wpcf7-validates-as-required\" aria-required=\"true\" aria-invalid=\"false\" value=\"\" type=\"text\" name=\"your-name\" \/><\/span> <\/label>\n<\/p>\n<p><label> Address email*<br \/>\n<span class=\"wpcf7-form-control-wrap\" data-name=\"your-email\"><input size=\"40\" class=\"wpcf7-form-control wpcf7-email wpcf7-validates-as-required wpcf7-text wpcf7-validates-as-email\" aria-required=\"true\" aria-invalid=\"false\" value=\"\" type=\"email\" name=\"your-email\" \/><\/span> <\/label>\n<\/p>\n<p><label> Num\u00e9ro de t\u00e9l\u00e9phone<br \/>\n<span class=\"wpcf7-form-control-wrap\" data-name=\"your-phone\"><input size=\"40\" class=\"wpcf7-form-control wpcf7-text\" aria-invalid=\"false\" value=\"\" type=\"text\" name=\"your-phone\" \/><\/span> <\/label>\n<\/p>\n<p><label> Votre message<br \/>\n<span class=\"wpcf7-form-control-wrap\" data-name=\"your-message\"><textarea cols=\"40\" rows=\"10\" class=\"wpcf7-form-control wpcf7-textarea\" aria-invalid=\"false\" name=\"your-message\"><\/textarea><\/span> <\/label>\n<\/p>\n<p><span class=\"wpcf7-form-control-wrap\" data-name=\"acceptance-671\"><span class=\"wpcf7-form-control wpcf7-acceptance\"><span class=\"wpcf7-list-item\"><label><input type=\"checkbox\" name=\"acceptance-671\" value=\"1\" aria-invalid=\"false\" \/><span class=\"wpcf7-list-item-label\">J\u00b4ai lu et j\u00b4ai accept\u00e9 les Conditions d\u00b4utilisation et la <a href=\"\/datenschutzerklaerung\/\">Politique de Confidentialit\u00e9<\/a>.<\/span><\/label><\/span><\/span><\/span>\n<\/p>\n<p><input class=\"wpcf7-form-control wpcf7-submit has-spinner\" type=\"submit\" value=\"Envoyer\" \/>\n<\/p>\n<p>* champ obligatoire\n<\/p><div class=\"wpcf7-response-output\" aria-hidden=\"true\"><\/div>\n<\/form>\n<\/div>\n<\/div><\/div><\/div><\/div><\/div><\/section>\n","protected":false},"excerpt":{"rendered":"","protected":false},"author":1,"featured_media":0,"parent":0,"menu_order":0,"comment_status":"closed","ping_status":"closed","template":"","meta":{"footnotes":""},"_links":{"self":[{"href":"https:\/\/offenthalerhof.de\/fr\/wp-json\/wp\/v2\/pages\/424"}],"collection":[{"href":"https:\/\/offenthalerhof.de\/fr\/wp-json\/wp\/v2\/pages"}],"about":[{"href":"https:\/\/offenthalerhof.de\/fr\/wp-json\/wp\/v2\/types\/page"}],"author":[{"embeddable":true,"href":"https:\/\/offenthalerhof.de\/fr\/wp-json\/wp\/v2\/users\/1"}],"replies":[{"embeddable":true,"href":"https:\/\/offenthalerhof.de\/fr\/wp-json\/wp\/v2\/comments?post=424"}],"version-history":[{"count":17,"href":"https:\/\/offenthalerhof.de\/fr\/wp-json\/wp\/v2\/pages\/424\/revisions"}],"predecessor-version":[{"id":629,"href":"https:\/\/offenthalerhof.de\/fr\/wp-json\/wp\/v2\/pages\/424\/revisions\/629"}],"wp:attachment":[{"href":"https:\/\/offenthalerhof.de\/fr\/wp-json\/wp\/v2\/media?parent=424"}],"curies":[{"name":"wp","href":"https:\/\/api.w.org\/{rel}","templated":true}]}}